{"id":75,"date":"2023-03-01T13:15:38","date_gmt":"2023-03-01T12:15:38","guid":{"rendered":"https:\/\/weisol-consulting.com\/esp\/?page_id=75"},"modified":"2024-11-08T13:49:30","modified_gmt":"2024-11-08T12:49:30","slug":"contacto","status":"publish","type":"page","link":"https:\/\/weisol-consulting.com\/esp\/contacto\/","title":{"rendered":"Consulta"},"content":{"rendered":"\n<p>El sitio web de WEISOL Consulting est\u00e1 siendo revisado y redise\u00f1ado por completo.<\/p>\n\n\n\n<p>Sin embargo, a\u00fan pueden contactarnos aqu\u00ed. Cualquiera<\/p>\n\n\n\n<ul class=\"wp-block-list\">\n<li>por escrito a trav\u00e9s del formulario de contacto<\/li>\n\n\n\n<li>directamente por correo electr\u00f3nico a <a href=\"mailto:info@weisol-consulting.com\">info@weisol-consulting.com<\/a><\/li>\n\n\n\n<li>o por tel\u00e9fono al: +49 (0) 1577 \u2013 386 99 17<\/li>\n<\/ul>\n\n\n\n<div class=\"wp-block-contact-form-7-contact-form-selector\">\n<div class=\"wpcf7 no-js\" id=\"wpcf7-f79-o1\" lang=\"es-ES\" dir=\"ltr\" data-wpcf7-id=\"79\">\n<div class=\"screen-reader-response\"><p role=\"status\" aria-live=\"polite\" aria-atomic=\"true\"><\/p> <ul><\/ul><\/div>\n<form action=\"\/esp\/wp-json\/wp\/v2\/pages\/75#wpcf7-f79-o1\" method=\"post\" class=\"wpcf7-form init\" aria-label=\"Formulario de contacto\" novalidate=\"novalidate\" data-status=\"init\">\n<fieldset class=\"hidden-fields-container\"><input type=\"hidden\" name=\"_wpcf7\" value=\"79\" \/><input type=\"hidden\" name=\"_wpcf7_version\" value=\"6.1.5\" \/><input type=\"hidden\" name=\"_wpcf7_locale\" value=\"es_ES\" \/><input type=\"hidden\" name=\"_wpcf7_unit_tag\" value=\"wpcf7-f79-o1\" \/><input type=\"hidden\" name=\"_wpcf7_container_post\" value=\"0\" \/><input type=\"hidden\" name=\"_wpcf7_posted_data_hash\" value=\"\" \/>\n<\/fieldset>\n<p><label> Su nombre<br \/>\n<span class=\"wpcf7-form-control-wrap\" data-name=\"your-name\"><input size=\"40\" maxlength=\"400\" class=\"wpcf7-form-control wpcf7-text wpcf7-validates-as-required\" autocomplete=\"name\" aria-required=\"true\" aria-invalid=\"false\" value=\"\" type=\"text\" name=\"your-name\" \/><\/span> <\/label>\n<\/p>\n<p><label> Su correo electr\u00f3nico<br \/>\n<span class=\"wpcf7-form-control-wrap\" data-name=\"your-email\"><input size=\"40\" maxlength=\"400\" class=\"wpcf7-form-control wpcf7-email wpcf7-validates-as-required wpcf7-text wpcf7-validates-as-email\" autocomplete=\"email\" aria-required=\"true\" aria-invalid=\"false\" value=\"\" type=\"email\" name=\"your-email\" \/><\/span> <\/label>\n<\/p>\n<p><label> Se numero telefonico (si se desean un contacto telefonico)<br \/>\n<span class=\"wpcf7-form-control-wrap\" data-name=\"tel-370\"><input size=\"40\" maxlength=\"400\" class=\"wpcf7-form-control wpcf7-tel wpcf7-text wpcf7-validates-as-tel\" aria-invalid=\"false\" value=\"\" type=\"tel\" name=\"tel-370\" \/><\/span> <\/label>\n<\/p>\n<p><label> Asunto<br \/>\n<span class=\"wpcf7-form-control-wrap\" data-name=\"your-subject\"><input size=\"40\" maxlength=\"400\" class=\"wpcf7-form-control wpcf7-text wpcf7-validates-as-required\" aria-required=\"true\" aria-invalid=\"false\" value=\"\" type=\"text\" name=\"your-subject\" \/><\/span> <\/label>\n<\/p>\n<p><label> Tu mensaje (opcional)<br \/>\n<span class=\"wpcf7-form-control-wrap\" data-name=\"your-message\"><textarea cols=\"40\" rows=\"10\" maxlength=\"2000\" class=\"wpcf7-form-control wpcf7-textarea\" aria-invalid=\"false\" name=\"your-message\"><\/textarea><\/span> <\/label>\n<\/p>\n<p><input class=\"wpcf7-form-control wpcf7-submit has-spinner\" type=\"submit\" value=\"Enviar\" \/>\n<\/p><p style=\"display: none !important;\" class=\"akismet-fields-container\" data-prefix=\"_wpcf7_ak_\"><label>&#916;<textarea name=\"_wpcf7_ak_hp_textarea\" cols=\"45\" rows=\"8\" maxlength=\"100\"><\/textarea><\/label><input type=\"hidden\" id=\"ak_js_1\" name=\"_wpcf7_ak_js\" value=\"70\"\/><script>\ndocument.getElementById( \"ak_js_1\" ).setAttribute( \"value\", ( new Date() ).getTime() );\n<\/script>\n<\/p><div class=\"wpcf7-response-output\" aria-hidden=\"true\"><\/div>\n<\/form>\n<\/div>\n<\/div>\n","protected":false},"excerpt":{"rendered":"<p>El sitio web de WEISOL Consulting est\u00e1 siendo revisado y redise\u00f1ado por completo. Sin embargo, a\u00fan pueden contactarnos aqu\u00ed. Cualquiera<\/p>\n","protected":false},"author":1,"featured_media":0,"parent":0,"menu_order":90,"comment_status":"closed","ping_status":"closed","template":"","meta":{"footnotes":""},"class_list":["post-75","page","type-page","status-publish"],"yoast_head":"<!-- This site is optimized with the Yoast SEO plugin v27.4 - https:\/\/yoast.com\/product\/yoast-seo-wordpress\/ -->\n<title>Consulta - WEISOL Consulting Esp<\/title>\n<meta name=\"robots\" content=\"index, follow, max-snippet:-1, max-image-preview:large, max-video-preview:-1\" \/>\n<link rel=\"canonical\" href=\"https:\/\/weisol-consulting.com\/esp\/contacto\/\" \/>\n<meta property=\"og:locale\" content=\"es_ES\" \/>\n<meta property=\"og:type\" content=\"article\" \/>\n<meta property=\"og:title\" content=\"Consulta - WEISOL Consulting Esp\" \/>\n<meta property=\"og:description\" content=\"El sitio web de WEISOL Consulting est\u00e1 siendo revisado y redise\u00f1ado por completo. Sin embargo, a\u00fan pueden contactarnos aqu\u00ed. Cualquiera\" \/>\n<meta property=\"og:url\" content=\"https:\/\/weisol-consulting.com\/esp\/contacto\/\" \/>\n<meta property=\"og:site_name\" content=\"WEISOL Consulting Esp\" \/>\n<meta property=\"article:modified_time\" content=\"2024-11-08T12:49:30+00:00\" \/>\n<meta name=\"twitter:card\" content=\"summary_large_image\" \/>\n<meta name=\"twitter:label1\" content=\"Tiempo de lectura\" \/>\n\t<meta name=\"twitter:data1\" content=\"1 minuto\" \/>\n<script type=\"application\/ld+json\" class=\"yoast-schema-graph\">{\"@context\":\"https:\\\/\\\/schema.org\",\"@graph\":[{\"@type\":\"WebPage\",\"@id\":\"https:\\\/\\\/weisol-consulting.com\\\/esp\\\/contacto\\\/\",\"url\":\"https:\\\/\\\/weisol-consulting.com\\\/esp\\\/contacto\\\/\",\"name\":\"Consulta - WEISOL Consulting Esp\",\"isPartOf\":{\"@id\":\"https:\\\/\\\/weisol-consulting.com\\\/esp\\\/#website\"},\"datePublished\":\"2023-03-01T12:15:38+00:00\",\"dateModified\":\"2024-11-08T12:49:30+00:00\",\"breadcrumb\":{\"@id\":\"https:\\\/\\\/weisol-consulting.com\\\/esp\\\/contacto\\\/#breadcrumb\"},\"inLanguage\":\"es\",\"potentialAction\":[{\"@type\":\"ReadAction\",\"target\":[\"https:\\\/\\\/weisol-consulting.com\\\/esp\\\/contacto\\\/\"]}]},{\"@type\":\"BreadcrumbList\",\"@id\":\"https:\\\/\\\/weisol-consulting.com\\\/esp\\\/contacto\\\/#breadcrumb\",\"itemListElement\":[{\"@type\":\"ListItem\",\"position\":1,\"name\":\"Startseite\",\"item\":\"https:\\\/\\\/weisol-consulting.com\\\/esp\\\/\"},{\"@type\":\"ListItem\",\"position\":2,\"name\":\"Consulta\"}]},{\"@type\":\"WebSite\",\"@id\":\"https:\\\/\\\/weisol-consulting.com\\\/esp\\\/#website\",\"url\":\"https:\\\/\\\/weisol-consulting.com\\\/esp\\\/\",\"name\":\"WEISOL Consulting Esp\",\"description\":\"For Your Business\",\"publisher\":{\"@id\":\"https:\\\/\\\/weisol-consulting.com\\\/esp\\\/#organization\"},\"potentialAction\":[{\"@type\":\"SearchAction\",\"target\":{\"@type\":\"EntryPoint\",\"urlTemplate\":\"https:\\\/\\\/weisol-consulting.com\\\/esp\\\/?s={search_term_string}\"},\"query-input\":{\"@type\":\"PropertyValueSpecification\",\"valueRequired\":true,\"valueName\":\"search_term_string\"}}],\"inLanguage\":\"es\"},{\"@type\":\"Organization\",\"@id\":\"https:\\\/\\\/weisol-consulting.com\\\/esp\\\/#organization\",\"name\":\"WEISOL Consulting Esp\",\"url\":\"https:\\\/\\\/weisol-consulting.com\\\/esp\\\/\",\"logo\":{\"@type\":\"ImageObject\",\"inLanguage\":\"es\",\"@id\":\"https:\\\/\\\/weisol-consulting.com\\\/esp\\\/#\\\/schema\\\/logo\\\/image\\\/\",\"url\":\"https:\\\/\\\/weisol-consulting.com\\\/esp\\\/wp-content\\\/uploads\\\/sites\\\/3\\\/2023\\\/03\\\/cropped-WEISOL-400.jpg\",\"contentUrl\":\"https:\\\/\\\/weisol-consulting.com\\\/esp\\\/wp-content\\\/uploads\\\/sites\\\/3\\\/2023\\\/03\\\/cropped-WEISOL-400.jpg\",\"width\":400,\"height\":61,\"caption\":\"WEISOL Consulting Esp\"},\"image\":{\"@id\":\"https:\\\/\\\/weisol-consulting.com\\\/esp\\\/#\\\/schema\\\/logo\\\/image\\\/\"}}]}<\/script>\n<!-- \/ Yoast SEO plugin. -->","yoast_head_json":{"title":"Consulta - WEISOL Consulting Esp","robots":{"index":"index","follow":"follow","max-snippet":"max-snippet:-1","max-image-preview":"max-image-preview:large","max-video-preview":"max-video-preview:-1"},"canonical":"https:\/\/weisol-consulting.com\/esp\/contacto\/","og_locale":"es_ES","og_type":"article","og_title":"Consulta - WEISOL Consulting Esp","og_description":"El sitio web de WEISOL Consulting est\u00e1 siendo revisado y redise\u00f1ado por completo. Sin embargo, a\u00fan pueden contactarnos aqu\u00ed. Cualquiera","og_url":"https:\/\/weisol-consulting.com\/esp\/contacto\/","og_site_name":"WEISOL Consulting Esp","article_modified_time":"2024-11-08T12:49:30+00:00","twitter_card":"summary_large_image","twitter_misc":{"Tiempo de lectura":"1 minuto"},"schema":{"@context":"https:\/\/schema.org","@graph":[{"@type":"WebPage","@id":"https:\/\/weisol-consulting.com\/esp\/contacto\/","url":"https:\/\/weisol-consulting.com\/esp\/contacto\/","name":"Consulta - WEISOL Consulting Esp","isPartOf":{"@id":"https:\/\/weisol-consulting.com\/esp\/#website"},"datePublished":"2023-03-01T12:15:38+00:00","dateModified":"2024-11-08T12:49:30+00:00","breadcrumb":{"@id":"https:\/\/weisol-consulting.com\/esp\/contacto\/#breadcrumb"},"inLanguage":"es","potentialAction":[{"@type":"ReadAction","target":["https:\/\/weisol-consulting.com\/esp\/contacto\/"]}]},{"@type":"BreadcrumbList","@id":"https:\/\/weisol-consulting.com\/esp\/contacto\/#breadcrumb","itemListElement":[{"@type":"ListItem","position":1,"name":"Startseite","item":"https:\/\/weisol-consulting.com\/esp\/"},{"@type":"ListItem","position":2,"name":"Consulta"}]},{"@type":"WebSite","@id":"https:\/\/weisol-consulting.com\/esp\/#website","url":"https:\/\/weisol-consulting.com\/esp\/","name":"WEISOL Consulting Esp","description":"For Your Business","publisher":{"@id":"https:\/\/weisol-consulting.com\/esp\/#organization"},"potentialAction":[{"@type":"SearchAction","target":{"@type":"EntryPoint","urlTemplate":"https:\/\/weisol-consulting.com\/esp\/?s={search_term_string}"},"query-input":{"@type":"PropertyValueSpecification","valueRequired":true,"valueName":"search_term_string"}}],"inLanguage":"es"},{"@type":"Organization","@id":"https:\/\/weisol-consulting.com\/esp\/#organization","name":"WEISOL Consulting Esp","url":"https:\/\/weisol-consulting.com\/esp\/","logo":{"@type":"ImageObject","inLanguage":"es","@id":"https:\/\/weisol-consulting.com\/esp\/#\/schema\/logo\/image\/","url":"https:\/\/weisol-consulting.com\/esp\/wp-content\/uploads\/sites\/3\/2023\/03\/cropped-WEISOL-400.jpg","contentUrl":"https:\/\/weisol-consulting.com\/esp\/wp-content\/uploads\/sites\/3\/2023\/03\/cropped-WEISOL-400.jpg","width":400,"height":61,"caption":"WEISOL Consulting Esp"},"image":{"@id":"https:\/\/weisol-consulting.com\/esp\/#\/schema\/logo\/image\/"}}]}},"_links":{"self":[{"href":"https:\/\/weisol-consulting.com\/esp\/wp-json\/wp\/v2\/pages\/75","targetHints":{"allow":["GET"]}}],"collection":[{"href":"https:\/\/weisol-consulting.com\/esp\/wp-json\/wp\/v2\/pages"}],"about":[{"href":"https:\/\/weisol-consulting.com\/esp\/wp-json\/wp\/v2\/types\/page"}],"author":[{"embeddable":true,"href":"https:\/\/weisol-consulting.com\/esp\/wp-json\/wp\/v2\/users\/1"}],"replies":[{"embeddable":true,"href":"https:\/\/weisol-consulting.com\/esp\/wp-json\/wp\/v2\/comments?post=75"}],"version-history":[{"count":6,"href":"https:\/\/weisol-consulting.com\/esp\/wp-json\/wp\/v2\/pages\/75\/revisions"}],"predecessor-version":[{"id":186,"href":"https:\/\/weisol-consulting.com\/esp\/wp-json\/wp\/v2\/pages\/75\/revisions\/186"}],"wp:attachment":[{"href":"https:\/\/weisol-consulting.com\/esp\/wp-json\/wp\/v2\/media?parent=75"}],"curies":[{"name":"wp","href":"https:\/\/api.w.org\/{rel}","templated":true}]}}