{"id":63,"date":"2023-03-01T13:12:14","date_gmt":"2023-03-01T12:12:14","guid":{"rendered":"https:\/\/weisol-consulting.com\/esp\/?page_id=63"},"modified":"2024-11-08T13:48:24","modified_gmt":"2024-11-08T12:48:24","slug":"huella","status":"publish","type":"page","link":"https:\/\/weisol-consulting.com\/esp\/huella\/","title":{"rendered":"Huella"},"content":{"rendered":"\n<p>WEISOL Consulting<br>Oliver Weiser<br>Wankelstra\u00dfe 3<br>D-70563 Stuttgart<\/p>\n\n\n\n<p>Telefon: +49 (0) 1577 \u2013 386 99 17<\/p>\n\n\n\n<p><br>E-Mail:&nbsp;<a href=\"mailto:info@weisol-consulting.com\">info@weisol-consulting.com<\/a><br>Internet:&nbsp;<a href=\"http:\/\/www.weisol-consulting.com\/\" target=\"_blank\" rel=\"noreferrer noopener\">www.weisol-consulting.com<\/a><\/p>\n\n\n\n<h4 class=\"wp-block-heading\">Descargo de responsabilidad &#8211; aviso legal<br>&nbsp;<\/h4>\n\n\n\n<p>\u00a7 1 Advertencia sobre el contenido<br>Los contenidos gratuitos y de libre acceso de este sitio web fueron creados con el mayor cuidado posible. Sin embargo, el proveedor de este sitio web no asume ninguna responsabilidad por la exactitud y la puntualidad de las gu\u00edas y noticias period\u00edsticas gratuitas y de libre acceso. Las contribuciones marcadas por nombre reflejan la opini\u00f3n del autor respectivo y no siempre la opini\u00f3n del proveedor. Con solo llamar al contenido gratuito y de libre acceso, no se concluye ninguna relaci\u00f3n contractual entre el usuario y el proveedor, en la medida en que carece de la voluntad legal vinculante del proveedor.<\/p>\n\n\n\n<p>\u00a7 2 Enlaces externos<br>Este sitio web contiene enlaces a sitios web de terceros (\u00abenlaces externos\u00bb). Estos sitios web est\u00e1n sujetos a la responsabilidad del operador respectivo. El proveedor ha comprobado el contenido de terceros cuando primero vincula enlaces externos para determinar si existen infracciones legales. En ese momento, no hubo violaciones evidentes. El proveedor no tiene influencia sobre el dise\u00f1o actual y futuro y el contenido de las p\u00e1ginas vinculadas. La configuraci\u00f3n de enlaces externos no significa que el proveedor acepte el contenido detr\u00e1s de la referencia o enlace. Un control constante de enlaces externos no es razonable para el proveedor sin evidencia concreta de violaciones legales. Sin embargo, con conocimiento de ofensas legales, dichos enlaces externos se eliminan inmediatamente.<\/p>\n\n\n\n<p>\u00a7 3 Derechos de autor y derechos de autor complementarios<br>El contenido publicado en este sitio web est\u00e1 sujeto a derechos de autor alemanes y derechos de autor complementarios. Cualquier uso no permitido por los derechos de autor alemanes y la ley de derechos de autor complementarios requiere el consentimiento previo por escrito del proveedor o titular de los derechos de autor respectivos. Esto se aplica en particular a la duplicaci\u00f3n, procesamiento, traducci\u00f3n, almacenamiento, procesamiento o reproducci\u00f3n de contenido en bases de datos u otros medios y sistemas electr\u00f3nicos. El contenido y los derechos de terceros est\u00e1n marcados como tales. La duplicaci\u00f3n no autorizada o la transmisi\u00f3n de contenidos individuales o lados completos no est\u00e1 permitida y es punible. Solo se permite la producci\u00f3n de copias y descargas para uso personal, privado y no comercial.<\/p>\n\n\n\n<p>La presentaci\u00f3n de este sitio web en marcos externos solo est\u00e1 permitida con un permiso por escrito.<\/p>\n\n\n\n<p>\u00a7 4 Condiciones especiales de uso<br>En la medida en que las condiciones especiales para el uso individual de este sitio web se desv\u00eden de los p\u00e1rrafos antes mencionados, esto se har\u00e1 constar expresamente en el lugar apropiado. En este caso, las condiciones especiales de uso se aplican en cada caso individual.<\/p>\n","protected":false},"excerpt":{"rendered":"<p>WEISOL ConsultingOliver WeiserWankelstra\u00dfe 3D-70563 Stuttgart Telefon: +49 (0) 1577 \u2013 386 99 17 E-Mail:&nbsp;info@weisol-consulting.comInternet:&nbsp;www.weisol-consulting.com Descargo de responsabilidad &#8211; aviso legal&nbsp; \u00a7 1 Advertencia sobre el contenidoLos contenidos gratuitos y de libre acceso de este sitio web fueron creados con el mayor cuidado posible. Sin embargo, el proveedor de este sitio web no asume ninguna responsabilidad &#8230; <a title=\"Huella\" class=\"read-more\" href=\"https:\/\/weisol-consulting.com\/esp\/huella\/\" aria-label=\"Leer m\u00e1s sobre Huella\">Leer m\u00e1s<\/a><\/p>\n","protected":false},"author":1,"featured_media":0,"parent":0,"menu_order":99,"comment_status":"closed","ping_status":"closed","template":"","meta":{"footnotes":""},"class_list":["post-63","page","type-page","status-publish"],"yoast_head":"<!-- This site is optimized with the Yoast SEO plugin v27.4 - https:\/\/yoast.com\/product\/yoast-seo-wordpress\/ -->\n<title>Huella - WEISOL Consulting Esp<\/title>\n<meta name=\"robots\" content=\"index, follow, max-snippet:-1, max-image-preview:large, max-video-preview:-1\" \/>\n<link rel=\"canonical\" href=\"https:\/\/weisol-consulting.com\/esp\/huella\/\" \/>\n<meta property=\"og:locale\" content=\"es_ES\" \/>\n<meta property=\"og:type\" content=\"article\" \/>\n<meta property=\"og:title\" content=\"Huella - WEISOL Consulting Esp\" \/>\n<meta property=\"og:description\" content=\"WEISOL ConsultingOliver WeiserWankelstra\u00dfe 3D-70563 Stuttgart Telefon: +49 (0) 1577 \u2013 386 99 17 E-Mail:&nbsp;info@weisol-consulting.comInternet:&nbsp;www.weisol-consulting.com Descargo de responsabilidad &#8211; aviso legal&nbsp; \u00a7 1 Advertencia sobre el contenidoLos contenidos gratuitos y de libre acceso de este sitio web fueron creados con el mayor cuidado posible. Sin embargo, el proveedor de este sitio web no asume ninguna responsabilidad ... Leer m\u00e1s\" \/>\n<meta property=\"og:url\" content=\"https:\/\/weisol-consulting.com\/esp\/huella\/\" \/>\n<meta property=\"og:site_name\" content=\"WEISOL Consulting Esp\" \/>\n<meta property=\"article:modified_time\" content=\"2024-11-08T12:48:24+00:00\" \/>\n<meta name=\"twitter:card\" content=\"summary_large_image\" \/>\n<meta name=\"twitter:label1\" content=\"Tiempo de lectura\" \/>\n\t<meta name=\"twitter:data1\" content=\"3 minutos\" \/>\n<script type=\"application\/ld+json\" class=\"yoast-schema-graph\">{\"@context\":\"https:\\\/\\\/schema.org\",\"@graph\":[{\"@type\":\"WebPage\",\"@id\":\"https:\\\/\\\/weisol-consulting.com\\\/esp\\\/huella\\\/\",\"url\":\"https:\\\/\\\/weisol-consulting.com\\\/esp\\\/huella\\\/\",\"name\":\"Huella - WEISOL Consulting Esp\",\"isPartOf\":{\"@id\":\"https:\\\/\\\/weisol-consulting.com\\\/esp\\\/#website\"},\"datePublished\":\"2023-03-01T12:12:14+00:00\",\"dateModified\":\"2024-11-08T12:48:24+00:00\",\"breadcrumb\":{\"@id\":\"https:\\\/\\\/weisol-consulting.com\\\/esp\\\/huella\\\/#breadcrumb\"},\"inLanguage\":\"es\",\"potentialAction\":[{\"@type\":\"ReadAction\",\"target\":[\"https:\\\/\\\/weisol-consulting.com\\\/esp\\\/huella\\\/\"]}]},{\"@type\":\"BreadcrumbList\",\"@id\":\"https:\\\/\\\/weisol-consulting.com\\\/esp\\\/huella\\\/#breadcrumb\",\"itemListElement\":[{\"@type\":\"ListItem\",\"position\":1,\"name\":\"Startseite\",\"item\":\"https:\\\/\\\/weisol-consulting.com\\\/esp\\\/\"},{\"@type\":\"ListItem\",\"position\":2,\"name\":\"Huella\"}]},{\"@type\":\"WebSite\",\"@id\":\"https:\\\/\\\/weisol-consulting.com\\\/esp\\\/#website\",\"url\":\"https:\\\/\\\/weisol-consulting.com\\\/esp\\\/\",\"name\":\"WEISOL Consulting Esp\",\"description\":\"For Your Business\",\"publisher\":{\"@id\":\"https:\\\/\\\/weisol-consulting.com\\\/esp\\\/#organization\"},\"potentialAction\":[{\"@type\":\"SearchAction\",\"target\":{\"@type\":\"EntryPoint\",\"urlTemplate\":\"https:\\\/\\\/weisol-consulting.com\\\/esp\\\/?s={search_term_string}\"},\"query-input\":{\"@type\":\"PropertyValueSpecification\",\"valueRequired\":true,\"valueName\":\"search_term_string\"}}],\"inLanguage\":\"es\"},{\"@type\":\"Organization\",\"@id\":\"https:\\\/\\\/weisol-consulting.com\\\/esp\\\/#organization\",\"name\":\"WEISOL Consulting Esp\",\"url\":\"https:\\\/\\\/weisol-consulting.com\\\/esp\\\/\",\"logo\":{\"@type\":\"ImageObject\",\"inLanguage\":\"es\",\"@id\":\"https:\\\/\\\/weisol-consulting.com\\\/esp\\\/#\\\/schema\\\/logo\\\/image\\\/\",\"url\":\"https:\\\/\\\/weisol-consulting.com\\\/esp\\\/wp-content\\\/uploads\\\/sites\\\/3\\\/2023\\\/03\\\/cropped-WEISOL-400.jpg\",\"contentUrl\":\"https:\\\/\\\/weisol-consulting.com\\\/esp\\\/wp-content\\\/uploads\\\/sites\\\/3\\\/2023\\\/03\\\/cropped-WEISOL-400.jpg\",\"width\":400,\"height\":61,\"caption\":\"WEISOL Consulting Esp\"},\"image\":{\"@id\":\"https:\\\/\\\/weisol-consulting.com\\\/esp\\\/#\\\/schema\\\/logo\\\/image\\\/\"}}]}<\/script>\n<!-- \/ Yoast SEO plugin. -->","yoast_head_json":{"title":"Huella - WEISOL Consulting Esp","robots":{"index":"index","follow":"follow","max-snippet":"max-snippet:-1","max-image-preview":"max-image-preview:large","max-video-preview":"max-video-preview:-1"},"canonical":"https:\/\/weisol-consulting.com\/esp\/huella\/","og_locale":"es_ES","og_type":"article","og_title":"Huella - WEISOL Consulting Esp","og_description":"WEISOL ConsultingOliver WeiserWankelstra\u00dfe 3D-70563 Stuttgart Telefon: +49 (0) 1577 \u2013 386 99 17 E-Mail:&nbsp;info@weisol-consulting.comInternet:&nbsp;www.weisol-consulting.com Descargo de responsabilidad &#8211; aviso legal&nbsp; \u00a7 1 Advertencia sobre el contenidoLos contenidos gratuitos y de libre acceso de este sitio web fueron creados con el mayor cuidado posible. Sin embargo, el proveedor de este sitio web no asume ninguna responsabilidad ... Leer m\u00e1s","og_url":"https:\/\/weisol-consulting.com\/esp\/huella\/","og_site_name":"WEISOL Consulting Esp","article_modified_time":"2024-11-08T12:48:24+00:00","twitter_card":"summary_large_image","twitter_misc":{"Tiempo de lectura":"3 minutos"},"schema":{"@context":"https:\/\/schema.org","@graph":[{"@type":"WebPage","@id":"https:\/\/weisol-consulting.com\/esp\/huella\/","url":"https:\/\/weisol-consulting.com\/esp\/huella\/","name":"Huella - WEISOL Consulting Esp","isPartOf":{"@id":"https:\/\/weisol-consulting.com\/esp\/#website"},"datePublished":"2023-03-01T12:12:14+00:00","dateModified":"2024-11-08T12:48:24+00:00","breadcrumb":{"@id":"https:\/\/weisol-consulting.com\/esp\/huella\/#breadcrumb"},"inLanguage":"es","potentialAction":[{"@type":"ReadAction","target":["https:\/\/weisol-consulting.com\/esp\/huella\/"]}]},{"@type":"BreadcrumbList","@id":"https:\/\/weisol-consulting.com\/esp\/huella\/#breadcrumb","itemListElement":[{"@type":"ListItem","position":1,"name":"Startseite","item":"https:\/\/weisol-consulting.com\/esp\/"},{"@type":"ListItem","position":2,"name":"Huella"}]},{"@type":"WebSite","@id":"https:\/\/weisol-consulting.com\/esp\/#website","url":"https:\/\/weisol-consulting.com\/esp\/","name":"WEISOL Consulting Esp","description":"For Your Business","publisher":{"@id":"https:\/\/weisol-consulting.com\/esp\/#organization"},"potentialAction":[{"@type":"SearchAction","target":{"@type":"EntryPoint","urlTemplate":"https:\/\/weisol-consulting.com\/esp\/?s={search_term_string}"},"query-input":{"@type":"PropertyValueSpecification","valueRequired":true,"valueName":"search_term_string"}}],"inLanguage":"es"},{"@type":"Organization","@id":"https:\/\/weisol-consulting.com\/esp\/#organization","name":"WEISOL Consulting Esp","url":"https:\/\/weisol-consulting.com\/esp\/","logo":{"@type":"ImageObject","inLanguage":"es","@id":"https:\/\/weisol-consulting.com\/esp\/#\/schema\/logo\/image\/","url":"https:\/\/weisol-consulting.com\/esp\/wp-content\/uploads\/sites\/3\/2023\/03\/cropped-WEISOL-400.jpg","contentUrl":"https:\/\/weisol-consulting.com\/esp\/wp-content\/uploads\/sites\/3\/2023\/03\/cropped-WEISOL-400.jpg","width":400,"height":61,"caption":"WEISOL Consulting Esp"},"image":{"@id":"https:\/\/weisol-consulting.com\/esp\/#\/schema\/logo\/image\/"}}]}},"_links":{"self":[{"href":"https:\/\/weisol-consulting.com\/esp\/wp-json\/wp\/v2\/pages\/63","targetHints":{"allow":["GET"]}}],"collection":[{"href":"https:\/\/weisol-consulting.com\/esp\/wp-json\/wp\/v2\/pages"}],"about":[{"href":"https:\/\/weisol-consulting.com\/esp\/wp-json\/wp\/v2\/types\/page"}],"author":[{"embeddable":true,"href":"https:\/\/weisol-consulting.com\/esp\/wp-json\/wp\/v2\/users\/1"}],"replies":[{"embeddable":true,"href":"https:\/\/weisol-consulting.com\/esp\/wp-json\/wp\/v2\/comments?post=63"}],"version-history":[{"count":3,"href":"https:\/\/weisol-consulting.com\/esp\/wp-json\/wp\/v2\/pages\/63\/revisions"}],"predecessor-version":[{"id":185,"href":"https:\/\/weisol-consulting.com\/esp\/wp-json\/wp\/v2\/pages\/63\/revisions\/185"}],"wp:attachment":[{"href":"https:\/\/weisol-consulting.com\/esp\/wp-json\/wp\/v2\/media?parent=63"}],"curies":[{"name":"wp","href":"https:\/\/api.w.org\/{rel}","templated":true}]}}