{"id":61,"date":"2023-03-01T13:11:07","date_gmt":"2023-03-01T12:11:07","guid":{"rendered":"https:\/\/weisol-consulting.com\/esp\/?page_id=61"},"modified":"2023-04-19T20:02:27","modified_gmt":"2023-04-19T18:02:27","slug":"sobre-nosotros","status":"publish","type":"page","link":"https:\/\/weisol-consulting.com\/esp\/sobre-nosotros\/","title":{"rendered":"Sobre nosotros"},"content":{"rendered":"\n<p>El propietario de WEISOL Consulting, el Sr. Oliver Weiser, ha trabajado en puestos de responsabilidad en todas las funciones relevantes (marketing, ventas, control, tesorer\u00eda, inform\u00e1tica, organizaci\u00f3n) en empresas internacionales en su pa\u00eds y en el extranjero (Suiza, Am\u00e9rica Latina, Asia).<\/p>\n\n\n\n<p>Mas adelante en 2002 se convirti\u00f3 en aut\u00f3nomo y se hizo cargo de una empresa ya existente.<\/p>\n\n\n\n<p>Toda esta experiencia acumulada forma la base para apoyar a cualquier persona en el paso al trabajo por cuenta propia. Comprender las necesidades y la situaci\u00f3n particular de cada cliente es esencial para la cooperaci\u00f3n y la implementaci\u00f3n del proyecto con seguridad y \u00e9xito..<\/p>\n\n\n\n<p>El enfoque principal busca el \u00e9xito a largo plazo del trabajador por cuenta propia, asi como de su proyecto.<\/p>\n\n\n\n<p>Las experiencias realizadas asi como nuestra propia independencia (desde 2002) se refleja en todas las herramientas que hemos creado (como por ejemplo, procesos, listas de verificaci\u00f3n, ayudas de c\u00e1lculo, control) y son el resultado de muchos proyectos con clientes en diversas \u00e1reas.<\/p>\n\n\n\n<div style=\"height:34px\" aria-hidden=\"true\" class=\"wp-block-spacer\"><\/div>\n\n\n<div class=\"wp-block-image\">\n<figure class=\"aligncenter size-full is-resized\"><a href=\"https:\/\/www.linkedin.com\/in\/oliver-weiser-9020ba63\/\" target=\"_blank\" rel=\"noreferrer noopener\"><img loading=\"lazy\" decoding=\"async\" src=\"https:\/\/weisol-consulting.com\/esp\/wp-content\/uploads\/sites\/3\/2023\/03\/LinkedIn-eckig.jpg\" alt=\"\" class=\"wp-image-132\" width=\"142\" height=\"143\" srcset=\"https:\/\/weisol-consulting.com\/esp\/wp-content\/uploads\/sites\/3\/2023\/03\/LinkedIn-eckig.jpg 224w, https:\/\/weisol-consulting.com\/esp\/wp-content\/uploads\/sites\/3\/2023\/03\/LinkedIn-eckig-150x150.jpg 150w\" sizes=\"auto, (max-width: 142px) 100vw, 142px\" \/><\/a><figcaption class=\"wp-element-caption\">Perfil en LinkedIn<\/figcaption><\/figure>\n<\/div>","protected":false},"excerpt":{"rendered":"<p>El propietario de WEISOL Consulting, el Sr. Oliver Weiser, ha trabajado en puestos de responsabilidad en todas las funciones relevantes (marketing, ventas, control, tesorer\u00eda, inform\u00e1tica, organizaci\u00f3n) en empresas internacionales en su pa\u00eds y en el extranjero (Suiza, Am\u00e9rica Latina, Asia). Mas adelante en 2002 se convirti\u00f3 en aut\u00f3nomo y se hizo cargo de una empresa &#8230; <a title=\"Sobre nosotros\" class=\"read-more\" href=\"https:\/\/weisol-consulting.com\/esp\/sobre-nosotros\/\" aria-label=\"Leer m\u00e1s sobre Sobre nosotros\">Leer m\u00e1s<\/a><\/p>\n","protected":false},"author":1,"featured_media":0,"parent":0,"menu_order":80,"comment_status":"closed","ping_status":"closed","template":"","meta":{"footnotes":""},"class_list":["post-61","page","type-page","status-publish"],"yoast_head":"<!-- This site is optimized with the Yoast SEO plugin v27.4 - https:\/\/yoast.com\/product\/yoast-seo-wordpress\/ -->\n<title>Sobre nosotros - WEISOL Consulting Esp<\/title>\n<meta name=\"robots\" content=\"index, follow, max-snippet:-1, max-image-preview:large, max-video-preview:-1\" \/>\n<link rel=\"canonical\" href=\"https:\/\/weisol-consulting.com\/esp\/sobre-nosotros\/\" \/>\n<meta property=\"og:locale\" content=\"es_ES\" \/>\n<meta property=\"og:type\" content=\"article\" \/>\n<meta property=\"og:title\" content=\"Sobre nosotros - WEISOL Consulting Esp\" \/>\n<meta property=\"og:description\" content=\"El propietario de WEISOL Consulting, el Sr. Oliver Weiser, ha trabajado en puestos de responsabilidad en todas las funciones relevantes (marketing, ventas, control, tesorer\u00eda, inform\u00e1tica, organizaci\u00f3n) en empresas internacionales en su pa\u00eds y en el extranjero (Suiza, Am\u00e9rica Latina, Asia). Mas adelante en 2002 se convirti\u00f3 en aut\u00f3nomo y se hizo cargo de una empresa ... Leer m\u00e1s\" \/>\n<meta property=\"og:url\" content=\"https:\/\/weisol-consulting.com\/esp\/sobre-nosotros\/\" \/>\n<meta property=\"og:site_name\" content=\"WEISOL Consulting Esp\" \/>\n<meta property=\"article:modified_time\" content=\"2023-04-19T18:02:27+00:00\" \/>\n<meta property=\"og:image\" content=\"https:\/\/weisol-consulting.com\/esp\/wp-content\/uploads\/sites\/3\/2023\/03\/LinkedIn-eckig.jpg\" \/>\n<meta name=\"twitter:card\" content=\"summary_large_image\" \/>\n<meta name=\"twitter:label1\" content=\"Tiempo de lectura\" \/>\n\t<meta name=\"twitter:data1\" content=\"1 minuto\" \/>\n<script type=\"application\/ld+json\" class=\"yoast-schema-graph\">{\"@context\":\"https:\\\/\\\/schema.org\",\"@graph\":[{\"@type\":\"WebPage\",\"@id\":\"https:\\\/\\\/weisol-consulting.com\\\/esp\\\/sobre-nosotros\\\/\",\"url\":\"https:\\\/\\\/weisol-consulting.com\\\/esp\\\/sobre-nosotros\\\/\",\"name\":\"Sobre nosotros - WEISOL Consulting Esp\",\"isPartOf\":{\"@id\":\"https:\\\/\\\/weisol-consulting.com\\\/esp\\\/#website\"},\"primaryImageOfPage\":{\"@id\":\"https:\\\/\\\/weisol-consulting.com\\\/esp\\\/sobre-nosotros\\\/#primaryimage\"},\"image\":{\"@id\":\"https:\\\/\\\/weisol-consulting.com\\\/esp\\\/sobre-nosotros\\\/#primaryimage\"},\"thumbnailUrl\":\"https:\\\/\\\/weisol-consulting.com\\\/esp\\\/wp-content\\\/uploads\\\/sites\\\/3\\\/2023\\\/03\\\/LinkedIn-eckig.jpg\",\"datePublished\":\"2023-03-01T12:11:07+00:00\",\"dateModified\":\"2023-04-19T18:02:27+00:00\",\"breadcrumb\":{\"@id\":\"https:\\\/\\\/weisol-consulting.com\\\/esp\\\/sobre-nosotros\\\/#breadcrumb\"},\"inLanguage\":\"es\",\"potentialAction\":[{\"@type\":\"ReadAction\",\"target\":[\"https:\\\/\\\/weisol-consulting.com\\\/esp\\\/sobre-nosotros\\\/\"]}]},{\"@type\":\"ImageObject\",\"inLanguage\":\"es\",\"@id\":\"https:\\\/\\\/weisol-consulting.com\\\/esp\\\/sobre-nosotros\\\/#primaryimage\",\"url\":\"https:\\\/\\\/weisol-consulting.com\\\/esp\\\/wp-content\\\/uploads\\\/sites\\\/3\\\/2023\\\/03\\\/LinkedIn-eckig.jpg\",\"contentUrl\":\"https:\\\/\\\/weisol-consulting.com\\\/esp\\\/wp-content\\\/uploads\\\/sites\\\/3\\\/2023\\\/03\\\/LinkedIn-eckig.jpg\",\"width\":224,\"height\":225},{\"@type\":\"BreadcrumbList\",\"@id\":\"https:\\\/\\\/weisol-consulting.com\\\/esp\\\/sobre-nosotros\\\/#breadcrumb\",\"itemListElement\":[{\"@type\":\"ListItem\",\"position\":1,\"name\":\"Startseite\",\"item\":\"https:\\\/\\\/weisol-consulting.com\\\/esp\\\/\"},{\"@type\":\"ListItem\",\"position\":2,\"name\":\"Sobre nosotros\"}]},{\"@type\":\"WebSite\",\"@id\":\"https:\\\/\\\/weisol-consulting.com\\\/esp\\\/#website\",\"url\":\"https:\\\/\\\/weisol-consulting.com\\\/esp\\\/\",\"name\":\"WEISOL Consulting Esp\",\"description\":\"For Your Business\",\"publisher\":{\"@id\":\"https:\\\/\\\/weisol-consulting.com\\\/esp\\\/#organization\"},\"potentialAction\":[{\"@type\":\"SearchAction\",\"target\":{\"@type\":\"EntryPoint\",\"urlTemplate\":\"https:\\\/\\\/weisol-consulting.com\\\/esp\\\/?s={search_term_string}\"},\"query-input\":{\"@type\":\"PropertyValueSpecification\",\"valueRequired\":true,\"valueName\":\"search_term_string\"}}],\"inLanguage\":\"es\"},{\"@type\":\"Organization\",\"@id\":\"https:\\\/\\\/weisol-consulting.com\\\/esp\\\/#organization\",\"name\":\"WEISOL Consulting Esp\",\"url\":\"https:\\\/\\\/weisol-consulting.com\\\/esp\\\/\",\"logo\":{\"@type\":\"ImageObject\",\"inLanguage\":\"es\",\"@id\":\"https:\\\/\\\/weisol-consulting.com\\\/esp\\\/#\\\/schema\\\/logo\\\/image\\\/\",\"url\":\"https:\\\/\\\/weisol-consulting.com\\\/esp\\\/wp-content\\\/uploads\\\/sites\\\/3\\\/2023\\\/03\\\/cropped-WEISOL-400.jpg\",\"contentUrl\":\"https:\\\/\\\/weisol-consulting.com\\\/esp\\\/wp-content\\\/uploads\\\/sites\\\/3\\\/2023\\\/03\\\/cropped-WEISOL-400.jpg\",\"width\":400,\"height\":61,\"caption\":\"WEISOL Consulting Esp\"},\"image\":{\"@id\":\"https:\\\/\\\/weisol-consulting.com\\\/esp\\\/#\\\/schema\\\/logo\\\/image\\\/\"}}]}<\/script>\n<!-- \/ Yoast SEO plugin. -->","yoast_head_json":{"title":"Sobre nosotros - WEISOL Consulting Esp","robots":{"index":"index","follow":"follow","max-snippet":"max-snippet:-1","max-image-preview":"max-image-preview:large","max-video-preview":"max-video-preview:-1"},"canonical":"https:\/\/weisol-consulting.com\/esp\/sobre-nosotros\/","og_locale":"es_ES","og_type":"article","og_title":"Sobre nosotros - WEISOL Consulting Esp","og_description":"El propietario de WEISOL Consulting, el Sr. Oliver Weiser, ha trabajado en puestos de responsabilidad en todas las funciones relevantes (marketing, ventas, control, tesorer\u00eda, inform\u00e1tica, organizaci\u00f3n) en empresas internacionales en su pa\u00eds y en el extranjero (Suiza, Am\u00e9rica Latina, Asia). Mas adelante en 2002 se convirti\u00f3 en aut\u00f3nomo y se hizo cargo de una empresa ... Leer m\u00e1s","og_url":"https:\/\/weisol-consulting.com\/esp\/sobre-nosotros\/","og_site_name":"WEISOL Consulting Esp","article_modified_time":"2023-04-19T18:02:27+00:00","og_image":[{"url":"https:\/\/weisol-consulting.com\/esp\/wp-content\/uploads\/sites\/3\/2023\/03\/LinkedIn-eckig.jpg","type":"","width":"","height":""}],"twitter_card":"summary_large_image","twitter_misc":{"Tiempo de lectura":"1 minuto"},"schema":{"@context":"https:\/\/schema.org","@graph":[{"@type":"WebPage","@id":"https:\/\/weisol-consulting.com\/esp\/sobre-nosotros\/","url":"https:\/\/weisol-consulting.com\/esp\/sobre-nosotros\/","name":"Sobre nosotros - WEISOL Consulting Esp","isPartOf":{"@id":"https:\/\/weisol-consulting.com\/esp\/#website"},"primaryImageOfPage":{"@id":"https:\/\/weisol-consulting.com\/esp\/sobre-nosotros\/#primaryimage"},"image":{"@id":"https:\/\/weisol-consulting.com\/esp\/sobre-nosotros\/#primaryimage"},"thumbnailUrl":"https:\/\/weisol-consulting.com\/esp\/wp-content\/uploads\/sites\/3\/2023\/03\/LinkedIn-eckig.jpg","datePublished":"2023-03-01T12:11:07+00:00","dateModified":"2023-04-19T18:02:27+00:00","breadcrumb":{"@id":"https:\/\/weisol-consulting.com\/esp\/sobre-nosotros\/#breadcrumb"},"inLanguage":"es","potentialAction":[{"@type":"ReadAction","target":["https:\/\/weisol-consulting.com\/esp\/sobre-nosotros\/"]}]},{"@type":"ImageObject","inLanguage":"es","@id":"https:\/\/weisol-consulting.com\/esp\/sobre-nosotros\/#primaryimage","url":"https:\/\/weisol-consulting.com\/esp\/wp-content\/uploads\/sites\/3\/2023\/03\/LinkedIn-eckig.jpg","contentUrl":"https:\/\/weisol-consulting.com\/esp\/wp-content\/uploads\/sites\/3\/2023\/03\/LinkedIn-eckig.jpg","width":224,"height":225},{"@type":"BreadcrumbList","@id":"https:\/\/weisol-consulting.com\/esp\/sobre-nosotros\/#breadcrumb","itemListElement":[{"@type":"ListItem","position":1,"name":"Startseite","item":"https:\/\/weisol-consulting.com\/esp\/"},{"@type":"ListItem","position":2,"name":"Sobre nosotros"}]},{"@type":"WebSite","@id":"https:\/\/weisol-consulting.com\/esp\/#website","url":"https:\/\/weisol-consulting.com\/esp\/","name":"WEISOL Consulting Esp","description":"For Your Business","publisher":{"@id":"https:\/\/weisol-consulting.com\/esp\/#organization"},"potentialAction":[{"@type":"SearchAction","target":{"@type":"EntryPoint","urlTemplate":"https:\/\/weisol-consulting.com\/esp\/?s={search_term_string}"},"query-input":{"@type":"PropertyValueSpecification","valueRequired":true,"valueName":"search_term_string"}}],"inLanguage":"es"},{"@type":"Organization","@id":"https:\/\/weisol-consulting.com\/esp\/#organization","name":"WEISOL Consulting Esp","url":"https:\/\/weisol-consulting.com\/esp\/","logo":{"@type":"ImageObject","inLanguage":"es","@id":"https:\/\/weisol-consulting.com\/esp\/#\/schema\/logo\/image\/","url":"https:\/\/weisol-consulting.com\/esp\/wp-content\/uploads\/sites\/3\/2023\/03\/cropped-WEISOL-400.jpg","contentUrl":"https:\/\/weisol-consulting.com\/esp\/wp-content\/uploads\/sites\/3\/2023\/03\/cropped-WEISOL-400.jpg","width":400,"height":61,"caption":"WEISOL Consulting Esp"},"image":{"@id":"https:\/\/weisol-consulting.com\/esp\/#\/schema\/logo\/image\/"}}]}},"_links":{"self":[{"href":"https:\/\/weisol-consulting.com\/esp\/wp-json\/wp\/v2\/pages\/61","targetHints":{"allow":["GET"]}}],"collection":[{"href":"https:\/\/weisol-consulting.com\/esp\/wp-json\/wp\/v2\/pages"}],"about":[{"href":"https:\/\/weisol-consulting.com\/esp\/wp-json\/wp\/v2\/types\/page"}],"author":[{"embeddable":true,"href":"https:\/\/weisol-consulting.com\/esp\/wp-json\/wp\/v2\/users\/1"}],"replies":[{"embeddable":true,"href":"https:\/\/weisol-consulting.com\/esp\/wp-json\/wp\/v2\/comments?post=61"}],"version-history":[{"count":5,"href":"https:\/\/weisol-consulting.com\/esp\/wp-json\/wp\/v2\/pages\/61\/revisions"}],"predecessor-version":[{"id":157,"href":"https:\/\/weisol-consulting.com\/esp\/wp-json\/wp\/v2\/pages\/61\/revisions\/157"}],"wp:attachment":[{"href":"https:\/\/weisol-consulting.com\/esp\/wp-json\/wp\/v2\/media?parent=61"}],"curies":[{"name":"wp","href":"https:\/\/api.w.org\/{rel}","templated":true}]}}