{"id":53,"date":"2023-03-01T13:08:00","date_gmt":"2023-03-01T12:08:00","guid":{"rendered":"https:\/\/weisol-consulting.com\/esp\/?page_id=53"},"modified":"2023-06-12T10:38:09","modified_gmt":"2023-06-12T08:38:09","slug":"vision-metodo-de-trabajo","status":"publish","type":"page","link":"https:\/\/weisol-consulting.com\/esp\/concepto\/vision-metodo-de-trabajo\/","title":{"rendered":"Vision \/ metodo de trabajo"},"content":{"rendered":"\n<p>WEISOL Consulting considera tanto las \u00e1reas individuales una a una como el conjunto de todas ellas, es decir incluimos todo en su proyecto o empresa. \u00a1Incluimos todo su proyecto, empresa y sus socios \/ empleados en el proceso!<\/p>\n\n\n\n<p class=\"has-text-align-center\"><strong>Nuestro enfoque: \u00a1visi\u00f3n total, gesti\u00f3n total!<\/strong><\/p>\n\n\n\n<p>La consultor\u00eda de gesti\u00f3n actual requiere algo m\u00e1s que centrarse en los n\u00fameros y objetivos a corto plazo. WEISOL Consulting logra quitar miedos, generar confianza e iniciar r\u00e1pidamente nuevos procesos. Pragm\u00e1tico y r\u00e1pido, asequible y sostenible: Estas son las promesas de calidad de WEISOL Consulting.<\/p>\n\n\n\n<p>La gesti\u00f3n integral significa la optimizaci\u00f3n de la empresa en su conjunto, es decir, la visi\u00f3n de la misma va mucho m\u00e1s all\u00e1 de determinar sus indicadores financieros. Se examinan la estructura, el proceso y la gesti\u00f3n y se crea transparencia. Adem\u00e1s, todos los datos relevantes de los diferentes sistemas de la organizaci\u00f3n se re\u00fanen y procesan juntos (sistema de informaci\u00f3n comercial).<\/p>\n\n\n\n<p>Garantizamos a nuestros clientes soluciones de alta calidad y, al mismo tiempo, personalizadas individualmente para la creaci\u00f3n y gesti\u00f3n activa de la empresa. A trav\u00e9s del uso permanente de las herramientas individuales, el empresario tiene r\u00e1pidamente una visi\u00f3n general del origen de los costes y de las ganancias. El ahorro de tiempo y la mayor calidad de los datos son el resultado del uso continuado de una herramienta integrada de planificaci\u00f3n, que permite obtener informes financieros. \u00a1Esto es cada vez m\u00e1s importante en el tiempo actual, especialmente si nos referimos a los inversores externos!<\/p>\n\n\n\n<p>Llevarlo a cabo de acuerdo con los principios descritos anteriormente aporta transparencia y orden a la organizaci\u00f3n de su empresa o su proyecto de puesta en marcha. Al mismo tiempo, esto se considera una garant\u00eda de calidad para bancos e instituciones, lo que a su vez se refleja positivamente en la calificaci\u00f3n.<\/p>\n\n\n\n<p>Este enfoque, se ha desarrollado y se ha probado en la pr\u00e1ctica, durante la carrera profesional del propietario y fundador de WEISOL Consulting.<\/p>\n","protected":false},"excerpt":{"rendered":"<p>WEISOL Consulting considera tanto las \u00e1reas individuales una a una como el conjunto de todas ellas, es decir incluimos todo en su proyecto o empresa. \u00a1Incluimos todo su proyecto, empresa y sus socios \/ empleados en el proceso! Nuestro enfoque: \u00a1visi\u00f3n total, gesti\u00f3n total! La consultor\u00eda de gesti\u00f3n actual requiere algo m\u00e1s que centrarse en &#8230; <a title=\"Vision \/ metodo de trabajo\" class=\"read-more\" href=\"https:\/\/weisol-consulting.com\/esp\/concepto\/vision-metodo-de-trabajo\/\" aria-label=\"Leer m\u00e1s sobre Vision \/ metodo de trabajo\">Leer m\u00e1s<\/a><\/p>\n","protected":false},"author":1,"featured_media":0,"parent":50,"menu_order":22,"comment_status":"closed","ping_status":"closed","template":"","meta":{"footnotes":""},"class_list":["post-53","page","type-page","status-publish"],"yoast_head":"<!-- This site is optimized with the Yoast SEO plugin v27.4 - https:\/\/yoast.com\/product\/yoast-seo-wordpress\/ -->\n<title>Vision \/ metodo de trabajo - WEISOL Consulting Esp<\/title>\n<meta name=\"robots\" content=\"index, follow, max-snippet:-1, max-image-preview:large, max-video-preview:-1\" \/>\n<link rel=\"canonical\" href=\"https:\/\/weisol-consulting.com\/esp\/concepto\/vision-metodo-de-trabajo\/\" \/>\n<meta property=\"og:locale\" content=\"es_ES\" \/>\n<meta property=\"og:type\" content=\"article\" \/>\n<meta property=\"og:title\" content=\"Vision \/ metodo de trabajo - WEISOL Consulting Esp\" \/>\n<meta property=\"og:description\" content=\"WEISOL Consulting considera tanto las \u00e1reas individuales una a una como el conjunto de todas ellas, es decir incluimos todo en su proyecto o empresa. \u00a1Incluimos todo su proyecto, empresa y sus socios \/ empleados en el proceso! Nuestro enfoque: \u00a1visi\u00f3n total, gesti\u00f3n total! La consultor\u00eda de gesti\u00f3n actual requiere algo m\u00e1s que centrarse en ... Leer m\u00e1s\" \/>\n<meta property=\"og:url\" content=\"https:\/\/weisol-consulting.com\/esp\/concepto\/vision-metodo-de-trabajo\/\" \/>\n<meta property=\"og:site_name\" content=\"WEISOL Consulting Esp\" \/>\n<meta property=\"article:modified_time\" content=\"2023-06-12T08:38:09+00:00\" \/>\n<meta name=\"twitter:card\" content=\"summary_large_image\" \/>\n<meta name=\"twitter:label1\" content=\"Tiempo de lectura\" \/>\n\t<meta name=\"twitter:data1\" content=\"2 minutos\" \/>\n<script type=\"application\/ld+json\" class=\"yoast-schema-graph\">{\"@context\":\"https:\\\/\\\/schema.org\",\"@graph\":[{\"@type\":\"WebPage\",\"@id\":\"https:\\\/\\\/weisol-consulting.com\\\/esp\\\/concepto\\\/vision-metodo-de-trabajo\\\/\",\"url\":\"https:\\\/\\\/weisol-consulting.com\\\/esp\\\/concepto\\\/vision-metodo-de-trabajo\\\/\",\"name\":\"Vision \\\/ metodo de trabajo - WEISOL Consulting Esp\",\"isPartOf\":{\"@id\":\"https:\\\/\\\/weisol-consulting.com\\\/esp\\\/#website\"},\"datePublished\":\"2023-03-01T12:08:00+00:00\",\"dateModified\":\"2023-06-12T08:38:09+00:00\",\"breadcrumb\":{\"@id\":\"https:\\\/\\\/weisol-consulting.com\\\/esp\\\/concepto\\\/vision-metodo-de-trabajo\\\/#breadcrumb\"},\"inLanguage\":\"es\",\"potentialAction\":[{\"@type\":\"ReadAction\",\"target\":[\"https:\\\/\\\/weisol-consulting.com\\\/esp\\\/concepto\\\/vision-metodo-de-trabajo\\\/\"]}]},{\"@type\":\"BreadcrumbList\",\"@id\":\"https:\\\/\\\/weisol-consulting.com\\\/esp\\\/concepto\\\/vision-metodo-de-trabajo\\\/#breadcrumb\",\"itemListElement\":[{\"@type\":\"ListItem\",\"position\":1,\"name\":\"Startseite\",\"item\":\"https:\\\/\\\/weisol-consulting.com\\\/esp\\\/\"},{\"@type\":\"ListItem\",\"position\":2,\"name\":\"Concepto\",\"item\":\"https:\\\/\\\/weisol-consulting.com\\\/esp\\\/concepto\\\/\"},{\"@type\":\"ListItem\",\"position\":3,\"name\":\"Vision \\\/ metodo de trabajo\"}]},{\"@type\":\"WebSite\",\"@id\":\"https:\\\/\\\/weisol-consulting.com\\\/esp\\\/#website\",\"url\":\"https:\\\/\\\/weisol-consulting.com\\\/esp\\\/\",\"name\":\"WEISOL Consulting Esp\",\"description\":\"For Your Business\",\"publisher\":{\"@id\":\"https:\\\/\\\/weisol-consulting.com\\\/esp\\\/#organization\"},\"potentialAction\":[{\"@type\":\"SearchAction\",\"target\":{\"@type\":\"EntryPoint\",\"urlTemplate\":\"https:\\\/\\\/weisol-consulting.com\\\/esp\\\/?s={search_term_string}\"},\"query-input\":{\"@type\":\"PropertyValueSpecification\",\"valueRequired\":true,\"valueName\":\"search_term_string\"}}],\"inLanguage\":\"es\"},{\"@type\":\"Organization\",\"@id\":\"https:\\\/\\\/weisol-consulting.com\\\/esp\\\/#organization\",\"name\":\"WEISOL Consulting Esp\",\"url\":\"https:\\\/\\\/weisol-consulting.com\\\/esp\\\/\",\"logo\":{\"@type\":\"ImageObject\",\"inLanguage\":\"es\",\"@id\":\"https:\\\/\\\/weisol-consulting.com\\\/esp\\\/#\\\/schema\\\/logo\\\/image\\\/\",\"url\":\"https:\\\/\\\/weisol-consulting.com\\\/esp\\\/wp-content\\\/uploads\\\/sites\\\/3\\\/2023\\\/03\\\/cropped-WEISOL-400.jpg\",\"contentUrl\":\"https:\\\/\\\/weisol-consulting.com\\\/esp\\\/wp-content\\\/uploads\\\/sites\\\/3\\\/2023\\\/03\\\/cropped-WEISOL-400.jpg\",\"width\":400,\"height\":61,\"caption\":\"WEISOL Consulting Esp\"},\"image\":{\"@id\":\"https:\\\/\\\/weisol-consulting.com\\\/esp\\\/#\\\/schema\\\/logo\\\/image\\\/\"}}]}<\/script>\n<!-- \/ Yoast SEO plugin. -->","yoast_head_json":{"title":"Vision \/ metodo de trabajo - WEISOL Consulting Esp","robots":{"index":"index","follow":"follow","max-snippet":"max-snippet:-1","max-image-preview":"max-image-preview:large","max-video-preview":"max-video-preview:-1"},"canonical":"https:\/\/weisol-consulting.com\/esp\/concepto\/vision-metodo-de-trabajo\/","og_locale":"es_ES","og_type":"article","og_title":"Vision \/ metodo de trabajo - WEISOL Consulting Esp","og_description":"WEISOL Consulting considera tanto las \u00e1reas individuales una a una como el conjunto de todas ellas, es decir incluimos todo en su proyecto o empresa. \u00a1Incluimos todo su proyecto, empresa y sus socios \/ empleados en el proceso! Nuestro enfoque: \u00a1visi\u00f3n total, gesti\u00f3n total! La consultor\u00eda de gesti\u00f3n actual requiere algo m\u00e1s que centrarse en ... Leer m\u00e1s","og_url":"https:\/\/weisol-consulting.com\/esp\/concepto\/vision-metodo-de-trabajo\/","og_site_name":"WEISOL Consulting Esp","article_modified_time":"2023-06-12T08:38:09+00:00","twitter_card":"summary_large_image","twitter_misc":{"Tiempo de lectura":"2 minutos"},"schema":{"@context":"https:\/\/schema.org","@graph":[{"@type":"WebPage","@id":"https:\/\/weisol-consulting.com\/esp\/concepto\/vision-metodo-de-trabajo\/","url":"https:\/\/weisol-consulting.com\/esp\/concepto\/vision-metodo-de-trabajo\/","name":"Vision \/ metodo de trabajo - WEISOL Consulting Esp","isPartOf":{"@id":"https:\/\/weisol-consulting.com\/esp\/#website"},"datePublished":"2023-03-01T12:08:00+00:00","dateModified":"2023-06-12T08:38:09+00:00","breadcrumb":{"@id":"https:\/\/weisol-consulting.com\/esp\/concepto\/vision-metodo-de-trabajo\/#breadcrumb"},"inLanguage":"es","potentialAction":[{"@type":"ReadAction","target":["https:\/\/weisol-consulting.com\/esp\/concepto\/vision-metodo-de-trabajo\/"]}]},{"@type":"BreadcrumbList","@id":"https:\/\/weisol-consulting.com\/esp\/concepto\/vision-metodo-de-trabajo\/#breadcrumb","itemListElement":[{"@type":"ListItem","position":1,"name":"Startseite","item":"https:\/\/weisol-consulting.com\/esp\/"},{"@type":"ListItem","position":2,"name":"Concepto","item":"https:\/\/weisol-consulting.com\/esp\/concepto\/"},{"@type":"ListItem","position":3,"name":"Vision \/ metodo de trabajo"}]},{"@type":"WebSite","@id":"https:\/\/weisol-consulting.com\/esp\/#website","url":"https:\/\/weisol-consulting.com\/esp\/","name":"WEISOL Consulting Esp","description":"For Your Business","publisher":{"@id":"https:\/\/weisol-consulting.com\/esp\/#organization"},"potentialAction":[{"@type":"SearchAction","target":{"@type":"EntryPoint","urlTemplate":"https:\/\/weisol-consulting.com\/esp\/?s={search_term_string}"},"query-input":{"@type":"PropertyValueSpecification","valueRequired":true,"valueName":"search_term_string"}}],"inLanguage":"es"},{"@type":"Organization","@id":"https:\/\/weisol-consulting.com\/esp\/#organization","name":"WEISOL Consulting Esp","url":"https:\/\/weisol-consulting.com\/esp\/","logo":{"@type":"ImageObject","inLanguage":"es","@id":"https:\/\/weisol-consulting.com\/esp\/#\/schema\/logo\/image\/","url":"https:\/\/weisol-consulting.com\/esp\/wp-content\/uploads\/sites\/3\/2023\/03\/cropped-WEISOL-400.jpg","contentUrl":"https:\/\/weisol-consulting.com\/esp\/wp-content\/uploads\/sites\/3\/2023\/03\/cropped-WEISOL-400.jpg","width":400,"height":61,"caption":"WEISOL Consulting Esp"},"image":{"@id":"https:\/\/weisol-consulting.com\/esp\/#\/schema\/logo\/image\/"}}]}},"_links":{"self":[{"href":"https:\/\/weisol-consulting.com\/esp\/wp-json\/wp\/v2\/pages\/53","targetHints":{"allow":["GET"]}}],"collection":[{"href":"https:\/\/weisol-consulting.com\/esp\/wp-json\/wp\/v2\/pages"}],"about":[{"href":"https:\/\/weisol-consulting.com\/esp\/wp-json\/wp\/v2\/types\/page"}],"author":[{"embeddable":true,"href":"https:\/\/weisol-consulting.com\/esp\/wp-json\/wp\/v2\/users\/1"}],"replies":[{"embeddable":true,"href":"https:\/\/weisol-consulting.com\/esp\/wp-json\/wp\/v2\/comments?post=53"}],"version-history":[{"count":6,"href":"https:\/\/weisol-consulting.com\/esp\/wp-json\/wp\/v2\/pages\/53\/revisions"}],"predecessor-version":[{"id":163,"href":"https:\/\/weisol-consulting.com\/esp\/wp-json\/wp\/v2\/pages\/53\/revisions\/163"}],"up":[{"embeddable":true,"href":"https:\/\/weisol-consulting.com\/esp\/wp-json\/wp\/v2\/pages\/50"}],"wp:attachment":[{"href":"https:\/\/weisol-consulting.com\/esp\/wp-json\/wp\/v2\/media?parent=53"}],"curies":[{"name":"wp","href":"https:\/\/api.w.org\/{rel}","templated":true}]}}