{"id":50,"date":"2023-03-01T13:06:02","date_gmt":"2023-03-01T12:06:02","guid":{"rendered":"https:\/\/weisol-consulting.com\/esp\/?page_id=50"},"modified":"2023-03-23T07:31:01","modified_gmt":"2023-03-23T06:31:01","slug":"concepto","status":"publish","type":"page","link":"https:\/\/weisol-consulting.com\/esp\/concepto\/","title":{"rendered":"Concepto"},"content":{"rendered":"\n<p>\u00bfCu\u00e1l es nuestro concepto, c\u00f3mo trabajamos?<\/p>\n\n\n\n<p>\u00bfCu\u00e1l es la estrategia para que SU trabajo por cuenta propia sea un \u00e9xito para USTED?<\/p>\n\n\n\n<hr class=\"wp-block-separator has-alpha-channel-opacity\"\/>\n\n\n\n<p>Obtenga m\u00e1s informaci\u00f3n sobre la visi\u00f3n y la estrategia en esta \u00e1rea. SU y SU proyecto est\u00e1n en el centro de la acci\u00f3n conjunta. Dado que todas las personas que lo apoyan han estado en la misma situaci\u00f3n, SUS inquietudes ser\u00e1n comprendidas y tratadas en consecuencia.<\/p>\n","protected":false},"excerpt":{"rendered":"<p>\u00bfCu\u00e1l es nuestro concepto, c\u00f3mo trabajamos? \u00bfCu\u00e1l es la estrategia para que SU trabajo por cuenta propia sea un \u00e9xito para USTED? Obtenga m\u00e1s informaci\u00f3n sobre la visi\u00f3n y la estrategia en esta \u00e1rea. SU y SU proyecto est\u00e1n en el centro de la acci\u00f3n conjunta. Dado que todas las personas que lo apoyan han &#8230; <a title=\"Concepto\" class=\"read-more\" href=\"https:\/\/weisol-consulting.com\/esp\/concepto\/\" aria-label=\"Leer m\u00e1s sobre Concepto\">Leer m\u00e1s<\/a><\/p>\n","protected":false},"author":1,"featured_media":0,"parent":0,"menu_order":20,"comment_status":"closed","ping_status":"closed","template":"","meta":{"footnotes":""},"class_list":["post-50","page","type-page","status-publish"],"yoast_head":"<!-- This site is optimized with the Yoast SEO plugin v27.4 - https:\/\/yoast.com\/product\/yoast-seo-wordpress\/ -->\n<title>Concepto - WEISOL Consulting Esp<\/title>\n<meta name=\"robots\" content=\"index, follow, max-snippet:-1, max-image-preview:large, max-video-preview:-1\" \/>\n<link rel=\"canonical\" href=\"https:\/\/weisol-consulting.com\/esp\/concepto\/\" \/>\n<meta property=\"og:locale\" content=\"es_ES\" \/>\n<meta property=\"og:type\" content=\"article\" \/>\n<meta property=\"og:title\" content=\"Concepto - WEISOL Consulting Esp\" \/>\n<meta property=\"og:description\" content=\"\u00bfCu\u00e1l es nuestro concepto, c\u00f3mo trabajamos? \u00bfCu\u00e1l es la estrategia para que SU trabajo por cuenta propia sea un \u00e9xito para USTED? Obtenga m\u00e1s informaci\u00f3n sobre la visi\u00f3n y la estrategia en esta \u00e1rea. SU y SU proyecto est\u00e1n en el centro de la acci\u00f3n conjunta. Dado que todas las personas que lo apoyan han ... Leer m\u00e1s\" \/>\n<meta property=\"og:url\" content=\"https:\/\/weisol-consulting.com\/esp\/concepto\/\" \/>\n<meta property=\"og:site_name\" content=\"WEISOL Consulting Esp\" \/>\n<meta property=\"article:modified_time\" content=\"2023-03-23T06:31:01+00:00\" \/>\n<meta name=\"twitter:card\" content=\"summary_large_image\" \/>\n<meta name=\"twitter:label1\" content=\"Tiempo de lectura\" \/>\n\t<meta name=\"twitter:data1\" content=\"1 minuto\" \/>\n<script type=\"application\/ld+json\" class=\"yoast-schema-graph\">{\"@context\":\"https:\\\/\\\/schema.org\",\"@graph\":[{\"@type\":\"WebPage\",\"@id\":\"https:\\\/\\\/weisol-consulting.com\\\/esp\\\/concepto\\\/\",\"url\":\"https:\\\/\\\/weisol-consulting.com\\\/esp\\\/concepto\\\/\",\"name\":\"Concepto - WEISOL Consulting Esp\",\"isPartOf\":{\"@id\":\"https:\\\/\\\/weisol-consulting.com\\\/esp\\\/#website\"},\"datePublished\":\"2023-03-01T12:06:02+00:00\",\"dateModified\":\"2023-03-23T06:31:01+00:00\",\"breadcrumb\":{\"@id\":\"https:\\\/\\\/weisol-consulting.com\\\/esp\\\/concepto\\\/#breadcrumb\"},\"inLanguage\":\"es\",\"potentialAction\":[{\"@type\":\"ReadAction\",\"target\":[\"https:\\\/\\\/weisol-consulting.com\\\/esp\\\/concepto\\\/\"]}]},{\"@type\":\"BreadcrumbList\",\"@id\":\"https:\\\/\\\/weisol-consulting.com\\\/esp\\\/concepto\\\/#breadcrumb\",\"itemListElement\":[{\"@type\":\"ListItem\",\"position\":1,\"name\":\"Startseite\",\"item\":\"https:\\\/\\\/weisol-consulting.com\\\/esp\\\/\"},{\"@type\":\"ListItem\",\"position\":2,\"name\":\"Concepto\"}]},{\"@type\":\"WebSite\",\"@id\":\"https:\\\/\\\/weisol-consulting.com\\\/esp\\\/#website\",\"url\":\"https:\\\/\\\/weisol-consulting.com\\\/esp\\\/\",\"name\":\"WEISOL Consulting Esp\",\"description\":\"For Your Business\",\"publisher\":{\"@id\":\"https:\\\/\\\/weisol-consulting.com\\\/esp\\\/#organization\"},\"potentialAction\":[{\"@type\":\"SearchAction\",\"target\":{\"@type\":\"EntryPoint\",\"urlTemplate\":\"https:\\\/\\\/weisol-consulting.com\\\/esp\\\/?s={search_term_string}\"},\"query-input\":{\"@type\":\"PropertyValueSpecification\",\"valueRequired\":true,\"valueName\":\"search_term_string\"}}],\"inLanguage\":\"es\"},{\"@type\":\"Organization\",\"@id\":\"https:\\\/\\\/weisol-consulting.com\\\/esp\\\/#organization\",\"name\":\"WEISOL Consulting Esp\",\"url\":\"https:\\\/\\\/weisol-consulting.com\\\/esp\\\/\",\"logo\":{\"@type\":\"ImageObject\",\"inLanguage\":\"es\",\"@id\":\"https:\\\/\\\/weisol-consulting.com\\\/esp\\\/#\\\/schema\\\/logo\\\/image\\\/\",\"url\":\"https:\\\/\\\/weisol-consulting.com\\\/esp\\\/wp-content\\\/uploads\\\/sites\\\/3\\\/2023\\\/03\\\/cropped-WEISOL-400.jpg\",\"contentUrl\":\"https:\\\/\\\/weisol-consulting.com\\\/esp\\\/wp-content\\\/uploads\\\/sites\\\/3\\\/2023\\\/03\\\/cropped-WEISOL-400.jpg\",\"width\":400,\"height\":61,\"caption\":\"WEISOL Consulting Esp\"},\"image\":{\"@id\":\"https:\\\/\\\/weisol-consulting.com\\\/esp\\\/#\\\/schema\\\/logo\\\/image\\\/\"}}]}<\/script>\n<!-- \/ Yoast SEO plugin. -->","yoast_head_json":{"title":"Concepto - WEISOL Consulting Esp","robots":{"index":"index","follow":"follow","max-snippet":"max-snippet:-1","max-image-preview":"max-image-preview:large","max-video-preview":"max-video-preview:-1"},"canonical":"https:\/\/weisol-consulting.com\/esp\/concepto\/","og_locale":"es_ES","og_type":"article","og_title":"Concepto - WEISOL Consulting Esp","og_description":"\u00bfCu\u00e1l es nuestro concepto, c\u00f3mo trabajamos? \u00bfCu\u00e1l es la estrategia para que SU trabajo por cuenta propia sea un \u00e9xito para USTED? Obtenga m\u00e1s informaci\u00f3n sobre la visi\u00f3n y la estrategia en esta \u00e1rea. SU y SU proyecto est\u00e1n en el centro de la acci\u00f3n conjunta. Dado que todas las personas que lo apoyan han ... Leer m\u00e1s","og_url":"https:\/\/weisol-consulting.com\/esp\/concepto\/","og_site_name":"WEISOL Consulting Esp","article_modified_time":"2023-03-23T06:31:01+00:00","twitter_card":"summary_large_image","twitter_misc":{"Tiempo de lectura":"1 minuto"},"schema":{"@context":"https:\/\/schema.org","@graph":[{"@type":"WebPage","@id":"https:\/\/weisol-consulting.com\/esp\/concepto\/","url":"https:\/\/weisol-consulting.com\/esp\/concepto\/","name":"Concepto - WEISOL Consulting Esp","isPartOf":{"@id":"https:\/\/weisol-consulting.com\/esp\/#website"},"datePublished":"2023-03-01T12:06:02+00:00","dateModified":"2023-03-23T06:31:01+00:00","breadcrumb":{"@id":"https:\/\/weisol-consulting.com\/esp\/concepto\/#breadcrumb"},"inLanguage":"es","potentialAction":[{"@type":"ReadAction","target":["https:\/\/weisol-consulting.com\/esp\/concepto\/"]}]},{"@type":"BreadcrumbList","@id":"https:\/\/weisol-consulting.com\/esp\/concepto\/#breadcrumb","itemListElement":[{"@type":"ListItem","position":1,"name":"Startseite","item":"https:\/\/weisol-consulting.com\/esp\/"},{"@type":"ListItem","position":2,"name":"Concepto"}]},{"@type":"WebSite","@id":"https:\/\/weisol-consulting.com\/esp\/#website","url":"https:\/\/weisol-consulting.com\/esp\/","name":"WEISOL Consulting Esp","description":"For Your Business","publisher":{"@id":"https:\/\/weisol-consulting.com\/esp\/#organization"},"potentialAction":[{"@type":"SearchAction","target":{"@type":"EntryPoint","urlTemplate":"https:\/\/weisol-consulting.com\/esp\/?s={search_term_string}"},"query-input":{"@type":"PropertyValueSpecification","valueRequired":true,"valueName":"search_term_string"}}],"inLanguage":"es"},{"@type":"Organization","@id":"https:\/\/weisol-consulting.com\/esp\/#organization","name":"WEISOL Consulting Esp","url":"https:\/\/weisol-consulting.com\/esp\/","logo":{"@type":"ImageObject","inLanguage":"es","@id":"https:\/\/weisol-consulting.com\/esp\/#\/schema\/logo\/image\/","url":"https:\/\/weisol-consulting.com\/esp\/wp-content\/uploads\/sites\/3\/2023\/03\/cropped-WEISOL-400.jpg","contentUrl":"https:\/\/weisol-consulting.com\/esp\/wp-content\/uploads\/sites\/3\/2023\/03\/cropped-WEISOL-400.jpg","width":400,"height":61,"caption":"WEISOL Consulting Esp"},"image":{"@id":"https:\/\/weisol-consulting.com\/esp\/#\/schema\/logo\/image\/"}}]}},"_links":{"self":[{"href":"https:\/\/weisol-consulting.com\/esp\/wp-json\/wp\/v2\/pages\/50","targetHints":{"allow":["GET"]}}],"collection":[{"href":"https:\/\/weisol-consulting.com\/esp\/wp-json\/wp\/v2\/pages"}],"about":[{"href":"https:\/\/weisol-consulting.com\/esp\/wp-json\/wp\/v2\/types\/page"}],"author":[{"embeddable":true,"href":"https:\/\/weisol-consulting.com\/esp\/wp-json\/wp\/v2\/users\/1"}],"replies":[{"embeddable":true,"href":"https:\/\/weisol-consulting.com\/esp\/wp-json\/wp\/v2\/comments?post=50"}],"version-history":[{"count":2,"href":"https:\/\/weisol-consulting.com\/esp\/wp-json\/wp\/v2\/pages\/50\/revisions"}],"predecessor-version":[{"id":137,"href":"https:\/\/weisol-consulting.com\/esp\/wp-json\/wp\/v2\/pages\/50\/revisions\/137"}],"wp:attachment":[{"href":"https:\/\/weisol-consulting.com\/esp\/wp-json\/wp\/v2\/media?parent=50"}],"curies":[{"name":"wp","href":"https:\/\/api.w.org\/{rel}","templated":true}]}}