{"id":4,"date":"2023-02-28T19:44:36","date_gmt":"2023-02-28T18:44:36","guid":{"rendered":"https:\/\/weisol-consulting.com\/esp\/?page_id=4"},"modified":"2023-04-19T20:03:42","modified_gmt":"2023-04-19T18:03:42","slug":"bienvenido","status":"publish","type":"page","link":"https:\/\/weisol-consulting.com\/esp\/","title":{"rendered":"Bienvenida"},"content":{"rendered":"\n<p>\u00bfLe gustar\u00eda trabajar por su propia cuenta, comenzar algo nuevo para usted? \u00a1Entonces est\u00e1 en el sitio correcto! Podemos acompa\u00f1arle y apoyarle en su proyecto.<\/p>\n\n\n\n<div class=\"wp-block-cover is-light\"><span aria-hidden=\"true\" class=\"wp-block-cover__background has-background-dim-0 has-background-dim\"><\/span><img loading=\"lazy\" decoding=\"async\" width=\"1196\" height=\"852\" class=\"wp-block-cover__image-background wp-image-111\" alt=\"\" src=\"https:\/\/weisol-consulting.com\/esp\/wp-content\/uploads\/sites\/3\/2023\/03\/Wasser-Sonne.jpg\" style=\"object-position:52% 47%\" data-object-fit=\"cover\" data-object-position=\"52% 47%\" srcset=\"https:\/\/weisol-consulting.com\/esp\/wp-content\/uploads\/sites\/3\/2023\/03\/Wasser-Sonne.jpg 1196w, https:\/\/weisol-consulting.com\/esp\/wp-content\/uploads\/sites\/3\/2023\/03\/Wasser-Sonne-300x214.jpg 300w, https:\/\/weisol-consulting.com\/esp\/wp-content\/uploads\/sites\/3\/2023\/03\/Wasser-Sonne-1024x729.jpg 1024w, https:\/\/weisol-consulting.com\/esp\/wp-content\/uploads\/sites\/3\/2023\/03\/Wasser-Sonne-768x547.jpg 768w\" sizes=\"auto, (max-width: 1196px) 100vw, 1196px\" \/><div class=\"wp-block-cover__inner-container is-layout-flow wp-block-cover-is-layout-flow\">\n<p class=\"has-text-align-center has-base-3-color has-text-color has-x-large-font-size\"><strong>Bienvenido a WEISOL Consulting<\/strong><\/p>\n<\/div><\/div>\n\n\n\n<div style=\"height:34px\" aria-hidden=\"true\" class=\"wp-block-spacer\"><\/div>\n\n\n\n<p class=\"has-text-align-center has-global-color-8-color has-text-color has-large-font-size\"><strong>WEISOL Consulting: \u00a1El socio para las empresas emergentes y para su propio negocio!<\/strong><\/p>\n\n\n\n<p>No importa,<\/p>\n\n\n\n<ul class=\"wp-block-list\">\n<li>si por ejemplo desea hacerse cargo de una empresa existente y desarrollarla de acuerdo con sus ideas,<\/li>\n\n\n\n<li>o empezar con una idea enteramente propia y querer implementarla,<\/li>\n\n\n\n<li>o quiere expandir su empresa ya existente (por ejemplo, desarrollo de ciertas funciones, expansi\u00f3n en el extranjero),<\/li>\n\n\n\n<li>o asumir ciertos proyectos como parte de un proyecto mas grande, <\/li>\n\n\n\n<li>o asumir una gesti\u00f3n interina.<\/li>\n<\/ul>\n\n\n\n<p>Basados en nuestra propia experiencia, somos el socio que comprende su situaci\u00f3n y sus necesidades, y lo podemos apoyar en su proyecto. Es esencial que estemos disponibles para continuar apoy\u00e1ndolo despu\u00e9s de finalizado su proyecto, si as\u00ed lo desea. Nuestra experiencia nos ha demostrado que el per\u00edodo inicial despu\u00e9s de la implementaci\u00f3n es muy importante y, en muchos casos, decisivo para el \u00e9xito a largo plazo &#8211; y ese es el inter\u00e9s com\u00fan y nuestra prioridad m\u00e1s alta.<\/p>\n\n\n\n<p>\u00bfEst\u00e1 considerando hacer un cambio y tomar un nuevo camino profesional? \u00a1Pueden contactarnos en cualquier momento! Utilice el <a href=\"https:\/\/weisol-consulting.com\/esp\/contacto\/\">formulario de contacto<\/a> &#8211; \u00a1Nos pondremos en contacto con usted lo antes posible!<\/p>\n\n\n\n<p>Como parte de la gesti\u00f3n de riesgos, es particularmente importante para nosotros establecer conjuntamente con usted su empresa o proyecto de tal manera que siempre tenga una reserva o un apoyo en caso de \u00abcrisis\u00bb. La diversificaci\u00f3n es uno de nuestros puntos clave, por ejemplo, la diversificacion geografica o en el diversificacion de clientes. Este aspecto en particular ya nos ha demostrado ser particularmente importante en algunas situaciones, como por ejemplo, en la situaci\u00f3n actual.<\/p>\n\n\n\n<div style=\"height:35px\" aria-hidden=\"true\" class=\"wp-block-spacer\"><\/div>\n\n\n\n<div class=\"wp-block-columns is-layout-flex wp-container-core-columns-is-layout-9d6595d7 wp-block-columns-is-layout-flex\">\n<div class=\"wp-block-column is-layout-flow wp-block-column-is-layout-flow\"><div class=\"wp-block-image\">\n<figure class=\"aligncenter size-full\"><img loading=\"lazy\" decoding=\"async\" width=\"112\" height=\"67\" src=\"https:\/\/weisol-consulting.com\/esp\/wp-content\/uploads\/sites\/3\/2023\/03\/DE-reduced.jpg\" alt=\"\" class=\"wp-image-14\"\/><\/figure>\n<\/div><\/div>\n\n\n\n<div class=\"wp-block-column is-layout-flow wp-block-column-is-layout-flow\"><div class=\"wp-block-image\">\n<figure class=\"aligncenter size-full is-resized\"><img loading=\"lazy\" decoding=\"async\" src=\"https:\/\/weisol-consulting.com\/esp\/wp-content\/uploads\/sites\/3\/2023\/03\/WEISOL_logo_300.jpg\" alt=\"\" class=\"wp-image-37\" width=\"94\" height=\"93\" srcset=\"https:\/\/weisol-consulting.com\/esp\/wp-content\/uploads\/sites\/3\/2023\/03\/WEISOL_logo_300.jpg 300w, https:\/\/weisol-consulting.com\/esp\/wp-content\/uploads\/sites\/3\/2023\/03\/WEISOL_logo_300-150x150.jpg 150w\" sizes=\"auto, (max-width: 94px) 100vw, 94px\" \/><\/figure>\n<\/div><\/div>\n\n\n\n<div class=\"wp-block-column is-layout-flow wp-block-column-is-layout-flow\"><div class=\"wp-block-image\">\n<figure class=\"aligncenter size-full\"><img loading=\"lazy\" decoding=\"async\" width=\"100\" height=\"67\" src=\"https:\/\/weisol-consulting.com\/esp\/wp-content\/uploads\/sites\/3\/2023\/03\/ES-reduced.jpg\" alt=\"\" class=\"wp-image-16\"\/><\/figure>\n<\/div><\/div>\n<\/div>\n\n\n\n<div class=\"wp-block-columns is-layout-flex wp-container-core-columns-is-layout-9d6595d7 wp-block-columns-is-layout-flex\">\n<div class=\"wp-block-column is-layout-flow wp-block-column-is-layout-flow\">\n<p class=\"has-text-align-center\"><strong>WEISOL Consulting in Deutschland<\/strong><\/p>\n\n\n\n<p class=\"has-text-align-center\"><strong>Wankelstra\u00dfe 3&nbsp;<br>D-70563 Stuttgart<\/strong><\/p>\n<\/div>\n\n\n\n<div class=\"wp-block-column is-layout-flow wp-block-column-is-layout-flow\">\n<p class=\"has-text-align-center\"><strong>WEISOL Consulting<\/strong><\/p>\n\n\n\n<p class=\"has-text-align-center\"><strong> opera internacionalmente!<\/strong><\/p>\n<\/div>\n\n\n\n<div class=\"wp-block-column is-layout-flow wp-block-column-is-layout-flow\">\n<p class=\"has-text-align-center\"><strong>WEISOL Consulting in Spanien<\/strong><\/p>\n\n\n\n<p class=\"has-text-align-center\"><strong>Plaza Gala Placidia 5, Pl. 16<\/strong><br><strong>ES-08006&nbsp;Barcelona<\/strong><\/p>\n<\/div>\n<\/div>\n","protected":false},"excerpt":{"rendered":"<p>\u00bfLe gustar\u00eda trabajar por su propia cuenta, comenzar algo nuevo para usted? \u00a1Entonces est\u00e1 en el sitio correcto! Podemos acompa\u00f1arle y apoyarle en su proyecto. WEISOL Consulting: \u00a1El socio para las empresas emergentes y para su propio negocio! No importa, Basados en nuestra propia experiencia, somos el socio que comprende su situaci\u00f3n y sus necesidades, &#8230; <a title=\"Bienvenida\" class=\"read-more\" href=\"https:\/\/weisol-consulting.com\/esp\/\" aria-label=\"Leer m\u00e1s sobre Bienvenida\">Leer m\u00e1s<\/a><\/p>\n","protected":false},"author":1,"featured_media":0,"parent":0,"menu_order":10,"comment_status":"closed","ping_status":"closed","template":"","meta":{"footnotes":""},"class_list":["post-4","page","type-page","status-publish"],"yoast_head":"<!-- This site is optimized with the Yoast SEO plugin v27.4 - https:\/\/yoast.com\/product\/yoast-seo-wordpress\/ -->\n<title>Bienvenida - WEISOL Consulting Esp<\/title>\n<meta name=\"robots\" content=\"index, follow, max-snippet:-1, max-image-preview:large, max-video-preview:-1\" \/>\n<link rel=\"canonical\" href=\"https:\/\/weisol-consulting.com\/esp\/\" \/>\n<meta property=\"og:locale\" content=\"es_ES\" \/>\n<meta property=\"og:type\" content=\"article\" \/>\n<meta property=\"og:title\" content=\"Bienvenida - WEISOL Consulting Esp\" \/>\n<meta property=\"og:description\" content=\"\u00bfLe gustar\u00eda trabajar por su propia cuenta, comenzar algo nuevo para usted? \u00a1Entonces est\u00e1 en el sitio correcto! Podemos acompa\u00f1arle y apoyarle en su proyecto. WEISOL Consulting: \u00a1El socio para las empresas emergentes y para su propio negocio! No importa, Basados en nuestra propia experiencia, somos el socio que comprende su situaci\u00f3n y sus necesidades, ... Leer m\u00e1s\" \/>\n<meta property=\"og:url\" content=\"https:\/\/weisol-consulting.com\/esp\/\" \/>\n<meta property=\"og:site_name\" content=\"WEISOL Consulting Esp\" \/>\n<meta property=\"article:modified_time\" content=\"2023-04-19T18:03:42+00:00\" \/>\n<meta property=\"og:image\" content=\"https:\/\/weisol-consulting.com\/esp\/wp-content\/uploads\/sites\/3\/2023\/03\/Wasser-Sonne.jpg\" \/>\n<meta name=\"twitter:card\" content=\"summary_large_image\" \/>\n<meta name=\"twitter:label1\" content=\"Tiempo de lectura\" \/>\n\t<meta name=\"twitter:data1\" content=\"3 minutos\" \/>\n<script type=\"application\/ld+json\" class=\"yoast-schema-graph\">{\"@context\":\"https:\\\/\\\/schema.org\",\"@graph\":[{\"@type\":\"WebPage\",\"@id\":\"https:\\\/\\\/weisol-consulting.com\\\/esp\\\/\",\"url\":\"https:\\\/\\\/weisol-consulting.com\\\/esp\\\/\",\"name\":\"Bienvenida - WEISOL Consulting Esp\",\"isPartOf\":{\"@id\":\"https:\\\/\\\/weisol-consulting.com\\\/esp\\\/#website\"},\"primaryImageOfPage\":{\"@id\":\"https:\\\/\\\/weisol-consulting.com\\\/esp\\\/#primaryimage\"},\"image\":{\"@id\":\"https:\\\/\\\/weisol-consulting.com\\\/esp\\\/#primaryimage\"},\"thumbnailUrl\":\"https:\\\/\\\/weisol-consulting.com\\\/esp\\\/wp-content\\\/uploads\\\/sites\\\/3\\\/2023\\\/03\\\/Wasser-Sonne.jpg\",\"datePublished\":\"2023-02-28T18:44:36+00:00\",\"dateModified\":\"2023-04-19T18:03:42+00:00\",\"breadcrumb\":{\"@id\":\"https:\\\/\\\/weisol-consulting.com\\\/esp\\\/#breadcrumb\"},\"inLanguage\":\"es\",\"potentialAction\":[{\"@type\":\"ReadAction\",\"target\":[\"https:\\\/\\\/weisol-consulting.com\\\/esp\\\/\"]}]},{\"@type\":\"ImageObject\",\"inLanguage\":\"es\",\"@id\":\"https:\\\/\\\/weisol-consulting.com\\\/esp\\\/#primaryimage\",\"url\":\"https:\\\/\\\/weisol-consulting.com\\\/esp\\\/wp-content\\\/uploads\\\/sites\\\/3\\\/2023\\\/03\\\/Wasser-Sonne.jpg\",\"contentUrl\":\"https:\\\/\\\/weisol-consulting.com\\\/esp\\\/wp-content\\\/uploads\\\/sites\\\/3\\\/2023\\\/03\\\/Wasser-Sonne.jpg\",\"width\":1196,\"height\":852},{\"@type\":\"BreadcrumbList\",\"@id\":\"https:\\\/\\\/weisol-consulting.com\\\/esp\\\/#breadcrumb\",\"itemListElement\":[{\"@type\":\"ListItem\",\"position\":1,\"name\":\"Startseite\",\"item\":\"https:\\\/\\\/weisol-consulting.com\\\/esp\\\/\"},{\"@type\":\"ListItem\",\"position\":2,\"name\":\"Bienvenida\"}]},{\"@type\":\"WebSite\",\"@id\":\"https:\\\/\\\/weisol-consulting.com\\\/esp\\\/#website\",\"url\":\"https:\\\/\\\/weisol-consulting.com\\\/esp\\\/\",\"name\":\"WEISOL Consulting Esp\",\"description\":\"For Your Business\",\"publisher\":{\"@id\":\"https:\\\/\\\/weisol-consulting.com\\\/esp\\\/#organization\"},\"potentialAction\":[{\"@type\":\"SearchAction\",\"target\":{\"@type\":\"EntryPoint\",\"urlTemplate\":\"https:\\\/\\\/weisol-consulting.com\\\/esp\\\/?s={search_term_string}\"},\"query-input\":{\"@type\":\"PropertyValueSpecification\",\"valueRequired\":true,\"valueName\":\"search_term_string\"}}],\"inLanguage\":\"es\"},{\"@type\":\"Organization\",\"@id\":\"https:\\\/\\\/weisol-consulting.com\\\/esp\\\/#organization\",\"name\":\"WEISOL Consulting Esp\",\"url\":\"https:\\\/\\\/weisol-consulting.com\\\/esp\\\/\",\"logo\":{\"@type\":\"ImageObject\",\"inLanguage\":\"es\",\"@id\":\"https:\\\/\\\/weisol-consulting.com\\\/esp\\\/#\\\/schema\\\/logo\\\/image\\\/\",\"url\":\"https:\\\/\\\/weisol-consulting.com\\\/esp\\\/wp-content\\\/uploads\\\/sites\\\/3\\\/2023\\\/03\\\/cropped-WEISOL-400.jpg\",\"contentUrl\":\"https:\\\/\\\/weisol-consulting.com\\\/esp\\\/wp-content\\\/uploads\\\/sites\\\/3\\\/2023\\\/03\\\/cropped-WEISOL-400.jpg\",\"width\":400,\"height\":61,\"caption\":\"WEISOL Consulting Esp\"},\"image\":{\"@id\":\"https:\\\/\\\/weisol-consulting.com\\\/esp\\\/#\\\/schema\\\/logo\\\/image\\\/\"}}]}<\/script>\n<!-- \/ Yoast SEO plugin. -->","yoast_head_json":{"title":"Bienvenida - WEISOL Consulting Esp","robots":{"index":"index","follow":"follow","max-snippet":"max-snippet:-1","max-image-preview":"max-image-preview:large","max-video-preview":"max-video-preview:-1"},"canonical":"https:\/\/weisol-consulting.com\/esp\/","og_locale":"es_ES","og_type":"article","og_title":"Bienvenida - WEISOL Consulting Esp","og_description":"\u00bfLe gustar\u00eda trabajar por su propia cuenta, comenzar algo nuevo para usted? \u00a1Entonces est\u00e1 en el sitio correcto! Podemos acompa\u00f1arle y apoyarle en su proyecto. WEISOL Consulting: \u00a1El socio para las empresas emergentes y para su propio negocio! No importa, Basados en nuestra propia experiencia, somos el socio que comprende su situaci\u00f3n y sus necesidades, ... Leer m\u00e1s","og_url":"https:\/\/weisol-consulting.com\/esp\/","og_site_name":"WEISOL Consulting Esp","article_modified_time":"2023-04-19T18:03:42+00:00","og_image":[{"url":"https:\/\/weisol-consulting.com\/esp\/wp-content\/uploads\/sites\/3\/2023\/03\/Wasser-Sonne.jpg","type":"","width":"","height":""}],"twitter_card":"summary_large_image","twitter_misc":{"Tiempo de lectura":"3 minutos"},"schema":{"@context":"https:\/\/schema.org","@graph":[{"@type":"WebPage","@id":"https:\/\/weisol-consulting.com\/esp\/","url":"https:\/\/weisol-consulting.com\/esp\/","name":"Bienvenida - WEISOL Consulting Esp","isPartOf":{"@id":"https:\/\/weisol-consulting.com\/esp\/#website"},"primaryImageOfPage":{"@id":"https:\/\/weisol-consulting.com\/esp\/#primaryimage"},"image":{"@id":"https:\/\/weisol-consulting.com\/esp\/#primaryimage"},"thumbnailUrl":"https:\/\/weisol-consulting.com\/esp\/wp-content\/uploads\/sites\/3\/2023\/03\/Wasser-Sonne.jpg","datePublished":"2023-02-28T18:44:36+00:00","dateModified":"2023-04-19T18:03:42+00:00","breadcrumb":{"@id":"https:\/\/weisol-consulting.com\/esp\/#breadcrumb"},"inLanguage":"es","potentialAction":[{"@type":"ReadAction","target":["https:\/\/weisol-consulting.com\/esp\/"]}]},{"@type":"ImageObject","inLanguage":"es","@id":"https:\/\/weisol-consulting.com\/esp\/#primaryimage","url":"https:\/\/weisol-consulting.com\/esp\/wp-content\/uploads\/sites\/3\/2023\/03\/Wasser-Sonne.jpg","contentUrl":"https:\/\/weisol-consulting.com\/esp\/wp-content\/uploads\/sites\/3\/2023\/03\/Wasser-Sonne.jpg","width":1196,"height":852},{"@type":"BreadcrumbList","@id":"https:\/\/weisol-consulting.com\/esp\/#breadcrumb","itemListElement":[{"@type":"ListItem","position":1,"name":"Startseite","item":"https:\/\/weisol-consulting.com\/esp\/"},{"@type":"ListItem","position":2,"name":"Bienvenida"}]},{"@type":"WebSite","@id":"https:\/\/weisol-consulting.com\/esp\/#website","url":"https:\/\/weisol-consulting.com\/esp\/","name":"WEISOL Consulting Esp","description":"For Your Business","publisher":{"@id":"https:\/\/weisol-consulting.com\/esp\/#organization"},"potentialAction":[{"@type":"SearchAction","target":{"@type":"EntryPoint","urlTemplate":"https:\/\/weisol-consulting.com\/esp\/?s={search_term_string}"},"query-input":{"@type":"PropertyValueSpecification","valueRequired":true,"valueName":"search_term_string"}}],"inLanguage":"es"},{"@type":"Organization","@id":"https:\/\/weisol-consulting.com\/esp\/#organization","name":"WEISOL Consulting Esp","url":"https:\/\/weisol-consulting.com\/esp\/","logo":{"@type":"ImageObject","inLanguage":"es","@id":"https:\/\/weisol-consulting.com\/esp\/#\/schema\/logo\/image\/","url":"https:\/\/weisol-consulting.com\/esp\/wp-content\/uploads\/sites\/3\/2023\/03\/cropped-WEISOL-400.jpg","contentUrl":"https:\/\/weisol-consulting.com\/esp\/wp-content\/uploads\/sites\/3\/2023\/03\/cropped-WEISOL-400.jpg","width":400,"height":61,"caption":"WEISOL Consulting Esp"},"image":{"@id":"https:\/\/weisol-consulting.com\/esp\/#\/schema\/logo\/image\/"}}]}},"_links":{"self":[{"href":"https:\/\/weisol-consulting.com\/esp\/wp-json\/wp\/v2\/pages\/4","targetHints":{"allow":["GET"]}}],"collection":[{"href":"https:\/\/weisol-consulting.com\/esp\/wp-json\/wp\/v2\/pages"}],"about":[{"href":"https:\/\/weisol-consulting.com\/esp\/wp-json\/wp\/v2\/types\/page"}],"author":[{"embeddable":true,"href":"https:\/\/weisol-consulting.com\/esp\/wp-json\/wp\/v2\/users\/1"}],"replies":[{"embeddable":true,"href":"https:\/\/weisol-consulting.com\/esp\/wp-json\/wp\/v2\/comments?post=4"}],"version-history":[{"count":15,"href":"https:\/\/weisol-consulting.com\/esp\/wp-json\/wp\/v2\/pages\/4\/revisions"}],"predecessor-version":[{"id":158,"href":"https:\/\/weisol-consulting.com\/esp\/wp-json\/wp\/v2\/pages\/4\/revisions\/158"}],"wp:attachment":[{"href":"https:\/\/weisol-consulting.com\/esp\/wp-json\/wp\/v2\/media?parent=4"}],"curies":[{"name":"wp","href":"https:\/\/api.w.org\/{rel}","templated":true}]}}